{"id":3397,"date":"2021-07-23T13:20:39","date_gmt":"2021-07-23T11:20:39","guid":{"rendered":"https:\/\/bodyart.studio\/?page_id=3397"},"modified":"2025-07-25T13:14:21","modified_gmt":"2025-07-25T11:14:21","slug":"workshops","status":"publish","type":"page","link":"https:\/\/bodyart.studio\/en\/workshops\/","title":{"rendered":"Workshops"},"content":{"rendered":"<header class=\"stickyHeader js-stickyHeader stickyHeader--dark\">\n    <div class=\"stickyHeader__content\">\n        <div class=\"stickyHeader__logo js-stickyHeaderLogo\">\n            <a class=\"unstyled headerLogo\" href=\"https:\/\/bodyart.studio\/en\">\n                <img decoding=\"async\" class=\"headerLogo__LrgBlack\" width=\"165\" src=\"https:\/\/bodyart.studio\/wp-content\/themes\/bodyart\/dist\/images\/bodyart-logo-2023_008d2955.svg\" \/>\n                <img decoding=\"async\" class=\"headerLogo__LrgWhite\" width=\"165\" src=\"https:\/\/bodyart.studio\/wp-content\/themes\/bodyart\/dist\/images\/bodyart-logo-2023-dark_f1c10840.svg\" \/>\n            <\/a>\n        <\/div>\n        <div class=\"stickyHeader__menuWrapper\">\n            <div class=\"navigation js-navigation\">\n                <div class=\"menu-sticky-header-de-container\"><ul id=\"menu-sticky-header-de\" class=\"menu\"><li id=\"menu-item-3030\" class=\"menu-item menu-item-type-post_type menu-item-object-page menu-item-3030\"><a href=\"https:\/\/bodyart.studio\/en\/stundenplan\/\">Schedule<\/a><\/li>\n<li id=\"menu-item-219\" class=\"menu-item-home menu-item menu-item-type-custom menu-item-object-custom menu-item-has-children menu-item-219\"><a href=\"https:\/\/bodyart.studio\/en\/#studio\">Studio<\/a>\n<ul class=\"sub-menu\">\n\t<li id=\"menu-item-4101\" class=\"menu-item menu-item-type-post_type menu-item-object-page menu-item-4101\"><a href=\"https:\/\/bodyart.studio\/en\/workouts\/\">Workouts<\/a><\/li>\n\t<li id=\"menu-item-2260\" class=\"menu-item menu-item-type-post_type menu-item-object-page menu-item-2260\"><a href=\"https:\/\/bodyart.studio\/en\/preise\/\">Pricing<\/a><\/li>\n\t<li id=\"menu-item-7161\" class=\"menu-item menu-item-type-post_type menu-item-object-page menu-item-7161\"><a href=\"https:\/\/bodyart.studio\/en\/gutscheine\/\">Gift cards<\/a><\/li>\n\t<li id=\"menu-item-487\" class=\"menu-item menu-item-type-post_type menu-item-object-page menu-item-487\"><a href=\"https:\/\/bodyart.studio\/en\/trainer\/\">Trainer<\/a><\/li>\n\t<li id=\"menu-item-4150\" class=\"menu-item menu-item-type-post_type menu-item-object-page menu-item-4150\"><a href=\"https:\/\/bodyart.studio\/en\/faq\/\">FAQ<\/a><\/li>\n\t<li id=\"menu-item-3245\" class=\"menu-item menu-item-type-custom menu-item-object-custom menu-item-3245\"><a target=\"_blank\" href=\"https:\/\/swaveboard.ch\/de\">SWAVE Board<\/a><\/li>\n<\/ul>\n<\/li>\n<li id=\"menu-item-6459\" class=\"menu-item menu-item-type-custom menu-item-object-custom menu-item-has-children menu-item-6459\"><a href=\"#\">Workshops<\/a>\n<ul class=\"sub-menu\">\n\t<li id=\"menu-item-6465\" class=\"menu-item menu-item-type-post_type menu-item-object-page menu-item-6465\"><a href=\"https:\/\/bodyart.studio\/en\/workshops\/ibiza-holidays\/\">Retreats<\/a><\/li>\n\t<li id=\"menu-item-7229\" class=\"menu-item menu-item-type-post_type menu-item-object-page menu-item-7229\"><a href=\"https:\/\/bodyart.studio\/en\/lp-deep-dive-workshops\/\">Deep Dive Workshops<\/a><\/li>\n<\/ul>\n<\/li>\n<li id=\"menu-item-6736\" class=\"menu-item menu-item-type-post_type menu-item-object-page menu-item-has-children menu-item-6736\"><a href=\"https:\/\/bodyart.studio\/en\/biome\/\">Nutrition<\/a>\n<ul class=\"sub-menu\">\n\t<li id=\"menu-item-6958\" class=\"menu-item menu-item-type-post_type menu-item-object-page menu-item-6958\"><a href=\"https:\/\/bodyart.studio\/en\/biome\/\">BioMe+ Smart Nutrition<\/a><\/li>\n<\/ul>\n<\/li>\n<li id=\"menu-item-4151\" class=\"button button--menu-cta menu-item menu-item-type-custom menu-item-object-custom menu-item-4151\"><a href=\"#wizard\">Start journey<\/a><\/li>\n<\/ul><\/div>            <\/div>\n\n            <div class=\"stickyHeader__languageSwitcher\">\n            <div class=\"menu-language-switcher-container\"><ul id=\"menu-language-switcher\" class=\"menu\"><li id=\"menu-item-2870\" class=\"trp-de trp-language-switcher-container menu-item menu-item-type-post_type menu-item-object-language_switcher current-language-menu-item menu-item-2870\"><a href=\"https:\/\/bodyart.studio\/en\/wp-json\/wp\/v2\/pages\/3397\"><span data-no-translation><span class=\"trp-ls-language-name\">DE<\/span><\/span><\/a><\/li>\n<li id=\"menu-item-2869\" class=\"trp-en trp-language-switcher-container menu-item menu-item-type-post_type menu-item-object-language_switcher current-language-menu-item menu-item-2869\"><a href=\"https:\/\/bodyart.studio\/en\/wp-json\/wp\/v2\/pages\/3397\"><span data-no-translation><span class=\"trp-ls-language-name\">EN<\/span><\/span><\/a><\/li>\n<\/ul><\/div>            <\/div>\n        \n            <button class=\"navToggle js-mobileNavToggle\">\n                <div class=\"navToggle__bar\"><\/div>\n                <div class=\"navToggle__bar\"><\/div>\n                <div class=\"navToggle__bar\"><\/div>\n            <\/button>\n            \n        <\/div>\n        <nav class=\"mobileMenu js-mobileMenu\">\n    <div class=\"mobileMenu__claim\">WORKOUT FOR LIFE<\/div>\n    <ul id=\"menu-sticky-header-de-1\" class=\"menu\"><li class=\"menu-item menu-item-type-post_type menu-item-object-page menu-item-3030\"><a href=\"https:\/\/bodyart.studio\/en\/stundenplan\/\">Schedule<\/a><\/li>\n<li class=\"menu-item-home menu-item menu-item-type-custom menu-item-object-custom menu-item-has-children menu-item-219\"><a href=\"https:\/\/bodyart.studio\/en\/#studio\">Studio<\/a>\n<ul class=\"sub-menu\">\n\t<li class=\"menu-item menu-item-type-post_type menu-item-object-page menu-item-4101\"><a href=\"https:\/\/bodyart.studio\/en\/workouts\/\">Workouts<\/a><\/li>\n\t<li class=\"menu-item menu-item-type-post_type menu-item-object-page menu-item-2260\"><a href=\"https:\/\/bodyart.studio\/en\/preise\/\">Pricing<\/a><\/li>\n\t<li class=\"menu-item menu-item-type-post_type menu-item-object-page menu-item-7161\"><a href=\"https:\/\/bodyart.studio\/en\/gutscheine\/\">Gift cards<\/a><\/li>\n\t<li class=\"menu-item menu-item-type-post_type menu-item-object-page menu-item-487\"><a href=\"https:\/\/bodyart.studio\/en\/trainer\/\">Trainer<\/a><\/li>\n\t<li class=\"menu-item menu-item-type-post_type menu-item-object-page menu-item-4150\"><a href=\"https:\/\/bodyart.studio\/en\/faq\/\">FAQ<\/a><\/li>\n\t<li class=\"menu-item menu-item-type-custom menu-item-object-custom menu-item-3245\"><a target=\"_blank\" href=\"https:\/\/swaveboard.ch\/de\">SWAVE Board<\/a><\/li>\n<\/ul>\n<\/li>\n<li class=\"menu-item menu-item-type-custom menu-item-object-custom menu-item-has-children menu-item-6459\"><a href=\"#\">Workshops<\/a>\n<ul class=\"sub-menu\">\n\t<li class=\"menu-item menu-item-type-post_type menu-item-object-page menu-item-6465\"><a href=\"https:\/\/bodyart.studio\/en\/workshops\/ibiza-holidays\/\">Retreats<\/a><\/li>\n\t<li class=\"menu-item menu-item-type-post_type menu-item-object-page menu-item-7229\"><a href=\"https:\/\/bodyart.studio\/en\/lp-deep-dive-workshops\/\">Deep Dive Workshops<\/a><\/li>\n<\/ul>\n<\/li>\n<li class=\"menu-item menu-item-type-post_type menu-item-object-page menu-item-has-children menu-item-6736\"><a href=\"https:\/\/bodyart.studio\/en\/biome\/\">Nutrition<\/a>\n<ul class=\"sub-menu\">\n\t<li class=\"menu-item menu-item-type-post_type menu-item-object-page menu-item-6958\"><a href=\"https:\/\/bodyart.studio\/en\/biome\/\">BioMe+ Smart Nutrition<\/a><\/li>\n<\/ul>\n<\/li>\n<li class=\"button button--menu-cta menu-item menu-item-type-custom menu-item-object-custom menu-item-4151\"><a href=\"#wizard\">Start journey<\/a><\/li>\n<\/ul>    <div class=\"mobileMenu__bottomRow\">\n        <div class=\"mobileMenu__socialMedia\">\n            <a href=\"https:\/\/www.facebook.com\/bodyartzuerich\" class=\"mobileMenu__socialMediaLink mobileMenu__socialMediaLink--fb\" target=\"_blank\" rel=\"noopener noreferrer\"><img decoding=\"async\" width=\"20\" src=\"https:\/\/bodyart.studio\/wp-content\/themes\/bodyart\/dist\/images\/facebook-icon_6e2f013a.svg\" \/><\/a>\n            <a href=\"https:\/\/www.instagram.com\/bodyartzuerich\/\" class=\"mobileMenu__socialMediaLink mobileMenu__socialMediaLink--in\" target=\"_blank\" rel=\"noopener noreferrer\"><img decoding=\"async\" width=\"20\" src=\"https:\/\/bodyart.studio\/wp-content\/themes\/bodyart\/dist\/images\/instagram-icon_6f7f616f.svg\" \/><\/a>\n            <a href=\"https:\/\/www.youtube.com\/watch?v=WpzJKRRosow\" class=\"mobileMenu__socialMediaLink mobileMenu__socialMediaLink--yt\" target=\"_blank\" rel=\"noopener noreferrer\"><img decoding=\"async\" width=\"24\" src=\"https:\/\/bodyart.studio\/wp-content\/themes\/bodyart\/dist\/images\/youtube-icon_2058b038.svg\" \/><\/a>\n        <\/div>\n        <div class=\"menu-language-switcher-container\"><ul id=\"menu-language-switcher-1\" class=\"menu\"><li class=\"trp-de trp-language-switcher-container menu-item menu-item-type-post_type menu-item-object-language_switcher current-language-menu-item menu-item-2870\"><a href=\"https:\/\/bodyart.studio\/en\/wp-json\/wp\/v2\/pages\/3397\"><span data-no-translation><span class=\"trp-ls-language-name\">DE<\/span><\/span><\/a><\/li>\n<li class=\"trp-en trp-language-switcher-container menu-item menu-item-type-post_type menu-item-object-language_switcher current-language-menu-item menu-item-2869\"><a href=\"https:\/\/bodyart.studio\/en\/wp-json\/wp\/v2\/pages\/3397\"><span data-no-translation><span class=\"trp-ls-language-name\">EN<\/span><\/span><\/a><\/li>\n<\/ul><\/div>    <\/div>\n<\/nav>\n\n<div class=\"mobileMenu__overlay js-mobileMenuOverlay\"><\/div>    <\/div>\n<\/header>\n\n\n<section class=\"section hero-slider\">\n    <div class=\"hero-slider__slider\">\n        <div class=\"swiper-wrapper\">\n                            <div data-slide_id=\"0\" class=\"hero-slider__slide swiper-slide\"\n                     data-bg=\"#f6f6f6\">\n                    <div class=\"hero-slider__slide-inner\">\n                        <div class=\"hero-slider__slide-inner__media\">\n                                                            <img loading=\"lazy\" decoding=\"async\" width=\"1400\" height=\"768\" src=\"https:\/\/bodyart.studio\/wp-content\/uploads\/2025\/07\/20250412-20250412-AQ8A3997-1400x768.jpg\" class=\"hero-slider__slide-inner__media__content lazy\" alt=\"\" style=\"object-position: center center\" \/>\n                                                    <\/div>\n                        \n                        <div class=\"hero-slider__wrap\">\n                                                            <h1 class=\"hero-slider__wrap__heading\">\n                                                                                <div>Workshops<\/div>\n                                            <div class='outline'>&amp; Retreats<\/div>\n                                                                        <\/h1>\n                                                            <div class=\"hero-slider__wrap__content\">\n                                Inspirierende Workshops und Retreats f\u00fcr die Community \u2013 Retreat, Workshop, Repeat\r\n\n                            <\/div>\n                            <div class=\"hero-slider__wrap__cta\">\n                                                                    <a href=\"#workshops\" class=\"cta-button\"\n                                       target=\"\">Learn more<\/a>\n                                                            <\/div>\n                        <\/div>\n                    <\/div>\n                <\/div>\n                    <\/div>\n        <div class=\"hero-slider__pagination\"><\/div>\n    <\/div>\n            <div class=\"hero-slider__footer\">\n                                            <div class=\"hero-slider__google-review\">\n                    <div>\n                        <a href='https:\/\/g.page\/bodyartzuerich?share'\n                           aria-label=\" Zu den Google Reviews\">\n                            <img decoding=\"async\" src=\"https:\/\/bodyart.studio\/wp-content\/uploads\/2022\/10\/Google-review.svg\" alt=\"Reviews\"\/>\n                        <\/a>\n                        <div>Bewertet mit\n                            <strong>4.9<\/strong> von 5<\/div>\n                    <\/div>\n                <\/div>\n                                                        <div class=\"hero-slider__qualitop\">\n                                            <a href=\"https:\/\/bodyart.studio\/en\/faq\/\" rel=\"noopener noreferrer\"\n                           target=\"\" aria-label=\"FAQ\">\n                                                        <img decoding=\"async\" src=\"https:\/\/bodyart.studio\/wp-content\/uploads\/2025\/05\/qualitop-logo-1.svg\" alt=\"Qualitop Logo\"\/>\n                                                    <\/a>\n                                                                <span>Recognized by health insurances<\/span>\n                                    <\/div>\n                    <\/div>\n    <\/section>\n\n\n<section class=\"section kursplan\" id=\"kurse\">\n    <div class=\"contentWidth\">\n                                <div class=\"pricingTable\">\n                <div class=\"pricingTable__description\">\n                    <h3 class=\"pricingTable__title\">Yoga for Beginners<\/h3>\n                    <p><div class=\"pointer-events-none h-px w-px\" aria-hidden=\"true\" data-edge=\"true\">\n<p>Bist du neu im Yoga oder m\u00f6chtest eine st\u00e4rkere Grundlage f\u00fcr deine Praxis aufbauen? In diesem 90-min\u00fctigen Workshop nehmen wir die drei wesentlichen Bestandteile des Yoga unter die Lupe \u2013 in einem unterst\u00fctzenden, anf\u00e4ngerfreundlichen Umfeld.<\/p>\n<\/div>\n<\/p>\n                <\/div>\n                <div class=\"pricingTable__tableWrapper\">\n                    <table class=\"pricingTable__table\" cellspacing=\"0\" cellpadding=\"0\">\n                        <thead>\n                            <tr>\n                                <th>Date<\/th>\n                                <th class=\"hide--xs\">Time<\/th>\n                                <th>Price <span class=\"pricingTable__detail\">in CHF<\/span><\/th>\n                                <th><\/th>\n                            <\/tr>\n                        <\/thead>\n                        <tbody>\n                                                                                                                                                            <tr>\n                                        <td>\n                                            Saturday,<br \/>\r\n20.09.2025\n                                        <\/td>\n                                        <td class=\"hide--xs\">\n                                            12:30 &#8211; 14:00\n                                        <\/td>\n                                        <td>\n                                            45\n                                        <\/td>\n                                        <td class=\"pricingTable__td pricingTable__td--alignRight\">\n                                                                                            <a class=\"button button--inverted button--sm\" href=\"https:\/\/www.eversports.ch\/org\/activity\/f4a2f621-62d0-47f7-a183-fb2bec0bb4b0\" target=\"_blank\">Buy<\/a>\n                                                                                    <\/td>\n                                    <\/tr>\n                                                                                                                                <tr>\n                                        <td>\n                                            Trial Week\n                                        <\/td>\n                                        <td class=\"hide--xs\">\n                                            7 days\n                                        <\/td>\n                                        <td>\n                                            24,99  <span class=\"pricingTable__extended\" style=\"background: #df515a; border: 1px solid #df515a;\">Special Deal<\/span>\n                                        <\/td>\n                                        <td class=\"pricingTable__td pricingTable__td--alignRight\">\n                                                                                            <a class=\"button button--inverted button--sm\" href=\"https:\/\/www.eversports.ch\/org\/product\/70392f53-db29-4ce3-b3fa-681df3883203?venueId=3aad5309-b87a-416d-bb93-61466ded4be6\" target=\"_blank\">Buy<\/a>\n                                                                                    <\/td>\n                                    <\/tr>\n                                                                                    <\/tbody>\n                    <\/table>\n                                            <div class=\"pricingTable__extraNotes\">\n                            <p class=\"copy copy--light\">Our trial offers are available for new members and be booked once per person.<\/p>\n                        <\/div>\n                                    <\/div>\n            <\/div>\n            <\/div>\n<\/section>\n\n\n<p><\/p>","protected":false},"excerpt":{"rendered":"","protected":false},"author":1,"featured_media":0,"parent":0,"menu_order":0,"comment_status":"closed","ping_status":"closed","template":"","meta":{"_acf_changed":false,"footnotes":""},"class_list":["post-3397","page","type-page","status-publish","hentry"],"acf":[],"yoast_head":"<!-- This site is optimized with the Yoast SEO plugin v27.5 - https:\/\/yoast.com\/product\/yoast-seo-wordpress\/ -->\n<title>Community Events | BODYART Studio Z\u00fcrich<\/title>\n<meta name=\"description\" content=\"Nimm mit unserer gro\u00dfen Community an atemberaubenden Retreats auf Ibiza oder schwei\u00dftreibenden Workshops im BODYART Studio Z\u00fcrich teil.\" \/>\n<meta name=\"robots\" content=\"index, follow, max-snippet:-1, max-image-preview:large, max-video-preview:-1\" \/>\n<link rel=\"canonical\" href=\"https:\/\/bodyart.studio\/en\/workshops\/\" \/>\n<meta property=\"og:locale\" content=\"en_GB\" \/>\n<meta property=\"og:type\" content=\"article\" \/>\n<meta property=\"og:title\" content=\"Community Events | BODYART Studio Z\u00fcrich\" \/>\n<meta property=\"og:description\" content=\"Nimm mit unserer gro\u00dfen Community an atemberaubenden Retreats auf Ibiza oder schwei\u00dftreibenden Workshops im BODYART Studio Z\u00fcrich teil.\" \/>\n<meta property=\"og:url\" content=\"https:\/\/bodyart.studio\/en\/workshops\/\" \/>\n<meta property=\"og:site_name\" content=\"BODYART Studio Z\u00fcrich\" \/>\n<meta property=\"article:modified_time\" content=\"2025-07-25T11:14:21+00:00\" \/>\n<meta name=\"twitter:card\" content=\"summary_large_image\" \/>\n<script type=\"application\/ld+json\" class=\"yoast-schema-graph\">{\"@context\":\"https:\\\/\\\/schema.org\",\"@graph\":[{\"@type\":\"WebPage\",\"@id\":\"https:\\\/\\\/bodyart.studio\\\/workshops\\\/\",\"url\":\"https:\\\/\\\/bodyart.studio\\\/workshops\\\/\",\"name\":\"Community Events | BODYART Studio Z\u00fcrich\",\"isPartOf\":{\"@id\":\"https:\\\/\\\/bodyart.studio\\\/#website\"},\"datePublished\":\"2021-07-23T11:20:39+00:00\",\"dateModified\":\"2025-07-25T11:14:21+00:00\",\"description\":\"Nimm mit unserer gro\u00dfen Community an atemberaubenden Retreats auf Ibiza oder schwei\u00dftreibenden Workshops im BODYART Studio Z\u00fcrich teil.\",\"breadcrumb\":{\"@id\":\"https:\\\/\\\/bodyart.studio\\\/workshops\\\/#breadcrumb\"},\"inLanguage\":\"en-GB\",\"potentialAction\":[{\"@type\":\"ReadAction\",\"target\":[\"https:\\\/\\\/bodyart.studio\\\/workshops\\\/\"]}]},{\"@type\":\"BreadcrumbList\",\"@id\":\"https:\\\/\\\/bodyart.studio\\\/workshops\\\/#breadcrumb\",\"itemListElement\":[{\"@type\":\"ListItem\",\"position\":1,\"name\":\"Home\",\"item\":\"https:\\\/\\\/bodyart.studio\\\/\"},{\"@type\":\"ListItem\",\"position\":2,\"name\":\"Workshops\"}]},{\"@type\":\"WebSite\",\"@id\":\"https:\\\/\\\/bodyart.studio\\\/#website\",\"url\":\"https:\\\/\\\/bodyart.studio\\\/\",\"name\":\"BODYART Studio Z\u00fcrich\",\"description\":\"Workout for Life\",\"publisher\":{\"@id\":\"https:\\\/\\\/bodyart.studio\\\/#organization\"},\"potentialAction\":[{\"@type\":\"SearchAction\",\"target\":{\"@type\":\"EntryPoint\",\"urlTemplate\":\"https:\\\/\\\/bodyart.studio\\\/?s={search_term_string}\"},\"query-input\":{\"@type\":\"PropertyValueSpecification\",\"valueRequired\":true,\"valueName\":\"search_term_string\"}}],\"inLanguage\":\"en-GB\"},{\"@type\":\"Organization\",\"@id\":\"https:\\\/\\\/bodyart.studio\\\/#organization\",\"name\":\"BODYART Studio\",\"url\":\"https:\\\/\\\/bodyart.studio\\\/\",\"logo\":{\"@type\":\"ImageObject\",\"inLanguage\":\"en-GB\",\"@id\":\"https:\\\/\\\/bodyart.studio\\\/#\\\/schema\\\/logo\\\/image\\\/\",\"url\":\"https:\\\/\\\/bodyart.studio\\\/wp-content\\\/uploads\\\/2019\\\/12\\\/BODYART_Logo_horizontal_black.jpg\",\"contentUrl\":\"https:\\\/\\\/bodyart.studio\\\/wp-content\\\/uploads\\\/2019\\\/12\\\/BODYART_Logo_horizontal_black.jpg\",\"width\":2084,\"height\":2084,\"caption\":\"BODYART Studio\"},\"image\":{\"@id\":\"https:\\\/\\\/bodyart.studio\\\/#\\\/schema\\\/logo\\\/image\\\/\"}}]}<\/script>\n<!-- \/ Yoast SEO plugin. -->","yoast_head_json":{"title":"Community Events |\u00a0BODYART Studio Zurich","description":"Join our large community for breathtaking retreats in Ibiza or high intensity workshops at BODYART Studio Zurich.","robots":{"index":"index","follow":"follow","max-snippet":"max-snippet:-1","max-image-preview":"max-image-preview:large","max-video-preview":"max-video-preview:-1"},"canonical":"https:\/\/bodyart.studio\/en\/workshops\/","og_locale":"en_GB","og_type":"article","og_title":"Community Events | BODYART Studio Z\u00fcrich","og_description":"Nimm mit unserer gro\u00dfen Community an atemberaubenden Retreats auf Ibiza oder schwei\u00dftreibenden Workshops im BODYART Studio Z\u00fcrich teil.","og_url":"https:\/\/bodyart.studio\/en\/workshops\/","og_site_name":"BODYART Studio Z\u00fcrich","article_modified_time":"2025-07-25T11:14:21+00:00","twitter_card":"summary_large_image","schema":{"@context":"https:\/\/schema.org","@graph":[{"@type":"WebPage","@id":"https:\/\/bodyart.studio\/workshops\/","url":"https:\/\/bodyart.studio\/workshops\/","name":"Community Events |\u00a0BODYART Studio Zurich","isPartOf":{"@id":"https:\/\/bodyart.studio\/#website"},"datePublished":"2021-07-23T11:20:39+00:00","dateModified":"2025-07-25T11:14:21+00:00","description":"Join our large community for breathtaking retreats in Ibiza or high intensity workshops at BODYART Studio Zurich.","breadcrumb":{"@id":"https:\/\/bodyart.studio\/workshops\/#breadcrumb"},"inLanguage":"en-GB","potentialAction":[{"@type":"ReadAction","target":["https:\/\/bodyart.studio\/workshops\/"]}]},{"@type":"BreadcrumbList","@id":"https:\/\/bodyart.studio\/workshops\/#breadcrumb","itemListElement":[{"@type":"ListItem","position":1,"name":"Home","item":"https:\/\/bodyart.studio\/"},{"@type":"ListItem","position":2,"name":"Workshops"}]},{"@type":"WebSite","@id":"https:\/\/bodyart.studio\/#website","url":"https:\/\/bodyart.studio\/","name":"BODYART Studio Zurich","description":"Workout for Life","publisher":{"@id":"https:\/\/bodyart.studio\/#organization"},"potentialAction":[{"@type":"SearchAction","target":{"@type":"EntryPoint","urlTemplate":"https:\/\/bodyart.studio\/?s={search_term_string}"},"query-input":{"@type":"PropertyValueSpecification","valueRequired":true,"valueName":"search_term_string"}}],"inLanguage":"en-GB"},{"@type":"Organization","@id":"https:\/\/bodyart.studio\/#organization","name":"BODYART Studio","url":"https:\/\/bodyart.studio\/","logo":{"@type":"ImageObject","inLanguage":"en-GB","@id":"https:\/\/bodyart.studio\/#\/schema\/logo\/image\/","url":"https:\/\/bodyart.studio\/wp-content\/uploads\/2019\/12\/BODYART_Logo_horizontal_black.jpg","contentUrl":"https:\/\/bodyart.studio\/wp-content\/uploads\/2019\/12\/BODYART_Logo_horizontal_black.jpg","width":2084,"height":2084,"caption":"BODYART Studio"},"image":{"@id":"https:\/\/bodyart.studio\/#\/schema\/logo\/image\/"}}]}},"_links":{"self":[{"href":"https:\/\/bodyart.studio\/en\/wp-json\/wp\/v2\/pages\/3397","targetHints":{"allow":["GET"]}}],"collection":[{"href":"https:\/\/bodyart.studio\/en\/wp-json\/wp\/v2\/pages"}],"about":[{"href":"https:\/\/bodyart.studio\/en\/wp-json\/wp\/v2\/types\/page"}],"author":[{"embeddable":true,"href":"https:\/\/bodyart.studio\/en\/wp-json\/wp\/v2\/users\/1"}],"replies":[{"embeddable":true,"href":"https:\/\/bodyart.studio\/en\/wp-json\/wp\/v2\/comments?post=3397"}],"version-history":[{"count":110,"href":"https:\/\/bodyart.studio\/en\/wp-json\/wp\/v2\/pages\/3397\/revisions"}],"predecessor-version":[{"id":6489,"href":"https:\/\/bodyart.studio\/en\/wp-json\/wp\/v2\/pages\/3397\/revisions\/6489"}],"wp:attachment":[{"href":"https:\/\/bodyart.studio\/en\/wp-json\/wp\/v2\/media?parent=3397"}],"curies":[{"name":"wp","href":"https:\/\/api.w.org\/{rel}","templated":true}]}}